{"id":3009,"date":"2024-10-01T18:39:16","date_gmt":"2024-10-01T17:39:16","guid":{"rendered":"https:\/\/venarigastronomico.com\/our-center\/"},"modified":"2024-12-04T19:08:34","modified_gmt":"2024-12-04T18:08:34","slug":"our-center","status":"publish","type":"page","link":"https:\/\/venarigastronomico.com\/en\/our-center\/","title":{"rendered":"Our center"},"content":{"rendered":"<p>[et_pb_section fb_built=&#8221;1&#8243; _builder_version=&#8221;4.27.0&#8243; _module_preset=&#8221;default&#8221; background_color=&#8221;#335954&#8243; background_image=&#8221;https:\/\/venarigastronomico.com\/wp-content\/uploads\/2024\/10\/image-16.webp&#8221; background_size=&#8221;contain&#8221; background_position=&#8221;center_right&#8221; custom_padding=&#8221;0px||0px|||&#8221; background_last_edited=&#8221;on|phone&#8221; background_enable_image_tablet=&#8221;off&#8221; background_enable_image_phone=&#8221;off&#8221; locked=&#8221;off&#8221; global_colors_info=&#8221;{}&#8221; background__hover_enabled=&#8221;on|desktop&#8221;][et_pb_row column_structure=&#8221;2_5,3_5&#8243; custom_padding_last_edited=&#8221;on|phone&#8221; _builder_version=&#8221;4.27.0&#8243; _module_preset=&#8221;default&#8221; custom_margin_tablet=&#8221;&#8221; custom_margin_phone=&#8221;0px||0px||false|false&#8221; custom_margin_last_edited=&#8221;on|phone&#8221; custom_padding=&#8221;14px||14px||false|false&#8221; custom_padding_tablet=&#8221;&#8221; custom_padding_phone=&#8221;0px||0px||false|false&#8221; global_colors_info=&#8221;{}&#8221;][et_pb_column type=&#8221;2_5&#8243; _builder_version=&#8221;4.27.0&#8243; _module_preset=&#8221;default&#8221; background_enable_color=&#8221;off&#8221; custom_padding_tablet=&#8221;&#8221; custom_padding_phone=&#8221;30px||0px||false|false&#8221; custom_padding_last_edited=&#8221;on|phone&#8221; global_colors_info=&#8221;{}&#8221;][et_pb_text _builder_version=&#8221;4.27.0&#8243; _module_preset=&#8221;default&#8221; text_font=&#8221;Inter||||||||&#8221; text_text_color=&#8221;#FFFFFF&#8221; text_font_size=&#8221;50px&#8221; text_line_height=&#8221;61px&#8221; header_font=&#8221;Inter||||||||&#8221; header_text_color=&#8221;#FFFFFF&#8221; header_font_size=&#8221;50px&#8221; header_line_height=&#8221;61px&#8221; custom_margin=&#8221;||||false|false&#8221; custom_margin_tablet=&#8221;||-30px||false|false&#8221; custom_margin_phone=&#8221;||-7px||false|false&#8221; custom_margin_last_edited=&#8221;on|phone&#8221; text_font_size_tablet=&#8221;50px&#8221; text_font_size_phone=&#8221;40px&#8221; text_font_size_last_edited=&#8221;on|phone&#8221; custom_css_main_element=&#8221;font-weight:400;&#8221; global_colors_info=&#8221;{}&#8221;]<\/p>\n<p>Our <strong>center<\/strong><\/p>\n<p>[\/et_pb_text][\/et_pb_column][et_pb_column type=&#8221;3_5&#8243; module_class=&#8221;min-empty&#8221; disabled_on=&#8221;on|on|off&#8221; _builder_version=&#8221;4.27.0&#8243; _module_preset=&#8221;default&#8221; background_image=&#8221;https:\/\/venarigastronomico.com\/wp-content\/uploads\/2024\/10\/image-15.webp&#8221; custom_padding=&#8221;0px||0px||true|false&#8221; global_colors_info=&#8221;{}&#8221;][\/et_pb_column][\/et_pb_row][\/et_pb_section][et_pb_section fb_built=&#8221;1&#8243; custom_padding_last_edited=&#8221;off|desktop&#8221; _builder_version=&#8221;4.27.0&#8243; _module_preset=&#8221;default&#8221; background_image=&#8221;https:\/\/venarigastronomico.com\/wp-content\/uploads\/2024\/10\/nb3.png&#8221; background_size=&#8221;initial&#8221; background_position=&#8221;center_right&#8221; custom_padding=&#8221;2px||2px||true|false&#8221; custom_padding_tablet=&#8221;24px||41px|||&#8221; custom_padding_phone=&#8221;24px||40px||false|false&#8221; background_last_edited=&#8221;on|desktop&#8221; background_enable_image_tablet=&#8221;off&#8221; locked=&#8221;off&#8221; global_colors_info=&#8221;{}&#8221;][et_pb_row column_structure=&#8221;3_5,2_5&#8243; custom_padding_last_edited=&#8221;on|phone&#8221; _builder_version=&#8221;4.27.0&#8243; _module_preset=&#8221;default&#8221; custom_padding_tablet=&#8221;&#8221; custom_padding_phone=&#8221;||0px||false|false&#8221; global_colors_info=&#8221;{}&#8221;][et_pb_column type=&#8221;3_5&#8243; _builder_version=&#8221;4.27.0&#8243; _module_preset=&#8221;default&#8221; global_colors_info=&#8221;{}&#8221;][et_pb_text _builder_version=&#8221;4.27.0&#8243; _module_preset=&#8221;default&#8221; text_font=&#8221;Inter||||||||&#8221; header_font=&#8221;Inter||||||||&#8221; header_text_color=&#8221;#122e2b&#8221; header_line_height=&#8221;36px&#8221; width_tablet=&#8221;90%&#8221; width_phone=&#8221;100%&#8221; width_last_edited=&#8221;off|desktop&#8221; module_alignment=&#8221;right&#8221; custom_margin=&#8221;||4px|||&#8221; custom_padding=&#8221;||||false|false&#8221; custom_padding_tablet=&#8221;||||false|false&#8221; custom_padding_phone=&#8221;||||false|false&#8221; custom_padding_last_edited=&#8221;on|phone&#8221; hover_enabled=&#8221;0&#8243; module_alignment_tablet=&#8221;right&#8221; module_alignment_phone=&#8221;right&#8221; module_alignment_last_edited=&#8221;off|desktop&#8221; global_colors_info=&#8221;{}&#8221; sticky_enabled=&#8221;0&#8243;]<\/p>\n<h1 class=\"p1\">The Palace of Valdepara\u00edso: Venari&#8217;s Headquarters<\/h1>\n<p>[\/et_pb_text][et_pb_text _builder_version=&#8221;4.27.0&#8243; _module_preset=&#8221;default&#8221; text_font=&#8221;Inter||||||||&#8221; text_text_color=&#8221;#000000&#8243; text_font_size=&#8221;16px&#8221; width_tablet=&#8221;90%&#8221; width_phone=&#8221;100%&#8221; width_last_edited=&#8221;off|desktop&#8221; custom_padding=&#8221;20px||50px||false|false&#8221; custom_padding_tablet=&#8221;20px||20px||false|false&#8221; custom_padding_phone=&#8221;20px||20px||false|false&#8221; custom_padding_last_edited=&#8221;on|phone&#8221; hover_enabled=&#8221;0&#8243; custom_css_main_element=&#8221;font-weight:400;&#8221; global_colors_info=&#8221;{}&#8221; sticky_enabled=&#8221;0&#8243;]<\/p>\n<p class=\"p1\">The Valdepara\u00edso Palace, an 18th century architectural jewel located in Almagro, Ciudad Real, is home to the Venari International Center for Hunting and Game Gastronomy.<\/p>\n<p class=\"p1\">This historic building, owned by the Provincial Council of Ciudad Real, belonged to Don Juan Francisco Gaona, first Count of Valdepara\u00edso and Minister of Finance of King Ferdinand VI. Thanks to its restoration, today the palace not only preserves its original splendor, but has also become an epicenter of cultural, educational and tourist activities.<\/p>\n<p>[\/et_pb_text][\/et_pb_column][et_pb_column type=&#8221;2_5&#8243; disabled_on=&#8221;off|off|off&#8221; _builder_version=&#8221;4.27.0&#8243; _module_preset=&#8221;default&#8221; custom_padding=&#8221;||||false|true&#8221; global_colors_info=&#8221;{}&#8221;][\/et_pb_column][\/et_pb_row][\/et_pb_section][et_pb_section fb_built=&#8221;1&#8243; _builder_version=&#8221;4.27.0&#8243; _module_preset=&#8221;default&#8221; width=&#8221;100%&#8221; custom_padding=&#8221;0px||0px|||&#8221; locked=&#8221;off&#8221; global_colors_info=&#8221;{}&#8221;][et_pb_row column_structure=&#8221;1_3,2_3&#8243; use_custom_gutter=&#8221;on&#8221; gutter_width=&#8221;1&#8243; make_equal=&#8221;on&#8221; _builder_version=&#8221;4.27.0&#8243; _module_preset=&#8221;default&#8221; width=&#8221;100%&#8221; max_width=&#8221;100%&#8221; custom_padding=&#8221;0px||0px||false|false&#8221; global_colors_info=&#8221;{}&#8221;][et_pb_column type=&#8221;1_3&#8243; disabled_on=&#8221;off|off|off&#8221; _builder_version=&#8221;4.27.0&#8243; _module_preset=&#8221;default&#8221; background_image=&#8221;https:\/\/venarigastronomico.com\/wp-content\/uploads\/2024\/10\/image-17.webp&#8221; custom_padding=&#8221;200px||||false|false&#8221; border_color_all=&#8221;#FFFFFF&#8221; border_width_right=&#8221;10px&#8221; border_width_right_tablet=&#8221;10px&#8221; border_width_right_phone=&#8221;0px&#8221; border_width_right_last_edited=&#8221;on|phone&#8221; global_colors_info=&#8221;{}&#8221;][\/et_pb_column][et_pb_column type=&#8221;2_3&#8243; _builder_version=&#8221;4.27.0&#8243; _module_preset=&#8221;default&#8221; background_color=&#8221;#d6c2b7&#8243; custom_padding=&#8221;30px|40px|30px|40px|true|true&#8221; global_colors_info=&#8221;{}&#8221;][et_pb_text _builder_version=&#8221;4.27.0&#8243; _module_preset=&#8221;default&#8221; text_font=&#8221;Inter||||||||&#8221; header_font=&#8221;Inter||||||||&#8221; header_text_color=&#8221;#122e2b&#8221; header_line_height=&#8221;36px&#8221; custom_margin_tablet=&#8221;&#8221; custom_margin_phone=&#8221;&#8221; custom_margin_last_edited=&#8221;on|tablet&#8221; custom_padding_tablet=&#8221;|||40px|false|false&#8221; custom_padding_phone=&#8221;|||0px|false|false&#8221; custom_padding_last_edited=&#8221;on|phone&#8221; locked=&#8221;off&#8221; global_colors_info=&#8221;{}&#8221;]<\/p>\n<h1 class=\"p1\">A unique space<br \/>for hunting gastronomy<\/h1>\n<p>[\/et_pb_text][et_pb_text _builder_version=&#8221;4.27.0&#8243; _module_preset=&#8221;default&#8221; text_font=&#8221;Inter||||||||&#8221; text_text_color=&#8221;#000000&#8243; text_font_size=&#8221;16px&#8221; text_line_height=&#8221;25px&#8221; header_font=&#8221;|300|||||||&#8221; width=&#8221;81%&#8221; width_tablet=&#8221;94%&#8221; width_phone=&#8221;100%&#8221; width_last_edited=&#8221;on|phone&#8221; max_width=&#8221;100%&#8221; custom_margin=&#8221;14px||30px||false|false&#8221; custom_padding_tablet=&#8221;|||40px|false|false&#8221; custom_padding_phone=&#8221;|||0px|false|false&#8221; custom_padding_last_edited=&#8221;on|phone&#8221; custom_css_main_element=&#8221;font-weight:400;&#8221; locked=&#8221;off&#8221; global_colors_info=&#8221;{}&#8221;]<\/p>\n<p class=\"p1\">The Palace is now the official headquarters of Venari, the first international center dedicated exclusively to training in hunting gastronomy. Here, renowned chefs, students and representatives of haute cuisine from around the world will gather to perfect their culinary techniques in a unique setting.<\/p>\n<p class=\"p1\">Venari aims to be the meeting point of reference for events, training and gastronomic workshops related to game cooking.<\/p>\n<p>[\/et_pb_text][\/et_pb_column][\/et_pb_row][\/et_pb_section][et_pb_section fb_built=&#8221;1&#8243; custom_padding_last_edited=&#8221;on|phone&#8221; _builder_version=&#8221;4.27.0&#8243; _module_preset=&#8221;default&#8221; background_enable_image=&#8221;off&#8221; background_size=&#8221;initial&#8221; background_position=&#8221;center_right&#8221; custom_padding=&#8221;24px||41px|||&#8221; custom_padding_tablet=&#8221;24px||41px|||&#8221; custom_padding_phone=&#8221;24px||0px||false|false&#8221; locked=&#8221;off&#8221; global_colors_info=&#8221;{}&#8221;][et_pb_row column_structure=&#8221;1_2,1_2&#8243; use_custom_gutter=&#8221;on&#8221; gutter_width=&#8221;2&#8243; custom_padding_last_edited=&#8221;on|phone&#8221; _builder_version=&#8221;4.27.0&#8243; _module_preset=&#8221;default&#8221; custom_padding_tablet=&#8221;&#8221; custom_padding_phone=&#8221;||40px||false|false&#8221; global_colors_info=&#8221;{}&#8221;][et_pb_column type=&#8221;1_2&#8243; _builder_version=&#8221;4.27.0&#8243; _module_preset=&#8221;default&#8221; global_colors_info=&#8221;{}&#8221;][et_pb_text _builder_version=&#8221;4.27.0&#8243; _module_preset=&#8221;default&#8221; header_font=&#8221;Inter||||||||&#8221; header_text_color=&#8221;#122e2b&#8221; header_line_height=&#8221;36px&#8221; width=&#8221;70%&#8221; width_tablet=&#8221;70%&#8221; width_phone=&#8221;100%&#8221; width_last_edited=&#8221;on|phone&#8221; custom_margin=&#8221;0px||-1px||false|false&#8221; header_font_size_tablet=&#8221;&#8221; header_font_size_phone=&#8221;25px&#8221; header_font_size_last_edited=&#8221;on|phone&#8221; header_line_height_tablet=&#8221;36px&#8221; header_line_height_phone=&#8221;30px&#8221; header_line_height_last_edited=&#8221;on|phone&#8221; global_colors_info=&#8221;{}&#8221;]<\/p>\n<h1 class=\"p1\">Modern facilities in a historic setting<\/h1>\n<p>[\/et_pb_text][et_pb_text _builder_version=&#8221;4.27.0&#8243; _module_preset=&#8221;default&#8221; text_font=&#8221;Inter||||||||&#8221; text_text_color=&#8221;#000000&#8243; text_font_size=&#8221;16px&#8221; text_line_height=&#8221;26px&#8221; custom_padding=&#8221;||||false|false&#8221; custom_css_main_element=&#8221;font-weight:400;&#8221; global_colors_info=&#8221;{}&#8221;]<\/p>\n<p class=\"p1\">The Valdepara\u00edso Palace has been adapted to offer modern facilities without losing its historical character. It has:<\/p>\n<ul>\n<li class=\"p1\">Two fully equipped classrooms.<\/li>\n<li class=\"p1\">A projection room and a lecture hall for conferences and presentations.<\/li>\n<li class=\"p1\">Professional kitchens for culinary practices and workshops.<\/li>\n<li class=\"p1\">Spacious rooms and outdoor spaces for social events and training activities.<\/li>\n<\/ul>\n<p class=\"p1\">In addition, the building is fully adapted for people with disabilities and has an elevator. For the comfort of our students and trainers, the palace offers single and double rooms for stays during courses and events.<\/p>\n<p>[\/et_pb_text][\/et_pb_column][et_pb_column type=&#8221;1_2&#8243; disabled_on=&#8221;off|off|off&#8221; _builder_version=&#8221;4.27.0&#8243; _module_preset=&#8221;default&#8221; custom_padding=&#8221;||||false|true&#8221; global_colors_info=&#8221;{}&#8221;][et_pb_image src=&#8221;https:\/\/venarigastronomico.com\/wp-content\/uploads\/2024\/10\/image-18.webp&#8221; title_text=&#8221;image (18)&#8221; _builder_version=&#8221;4.27.0&#8243; _module_preset=&#8221;default&#8221; custom_padding=&#8221;30px||||false|false&#8221; custom_padding_tablet=&#8221;30px||||false|false&#8221; custom_padding_phone=&#8221;0px||||false|false&#8221; custom_padding_last_edited=&#8221;on|phone&#8221; global_colors_info=&#8221;{}&#8221;][\/et_pb_image][\/et_pb_column][\/et_pb_row][\/et_pb_section]<\/p>\n","protected":false},"excerpt":{"rendered":"<p>Our centerThe Palace of Valdepara\u00edso: Venari&#8217;s HeadquartersThe Valdepara\u00edso Palace, an 18th century architectural jewel located in Almagro, Ciudad Real, is home to the Venari International Center for Hunting and Game Gastronomy. This historic building, owned by the Provincial Council of Ciudad Real, belonged to Don Juan Francisco Gaona, first Count of Valdepara\u00edso and Minister of [&hellip;]<\/p>\n","protected":false},"author":2,"featured_media":0,"parent":0,"menu_order":0,"comment_status":"closed","ping_status":"closed","template":"","meta":{"_acf_changed":false,"_et_pb_use_builder":"on","_et_pb_old_content":"","_et_gb_content_width":"","footnotes":""},"class_list":["post-3009","page","type-page","status-publish","hentry"],"acf":[],"yoast_head":"<!-- This site is optimized with the Yoast SEO plugin v26.5 - https:\/\/yoast.com\/wordpress\/plugins\/seo\/ -->\n<title>Our center - VENARI - Centro Internacional de Gastronom\u00eda Cineg\u00e9tica<\/title>\n<meta name=\"robots\" content=\"index, follow, max-snippet:-1, max-image-preview:large, max-video-preview:-1\" \/>\n<link rel=\"canonical\" href=\"https:\/\/venarigastronomico.com\/en\/our-center\/\" \/>\n<meta property=\"og:locale\" content=\"en_GB\" \/>\n<meta property=\"og:type\" content=\"article\" \/>\n<meta property=\"og:title\" content=\"Our center - VENARI - Centro Internacional de Gastronom\u00eda Cineg\u00e9tica\" \/>\n<meta property=\"og:description\" content=\"Our centerThe Palace of Valdepara\u00edso: Venari&#039;s HeadquartersThe Valdepara\u00edso Palace, an 18th century architectural jewel located in Almagro, Ciudad Real, is home to the Venari International Center for Hunting and Game Gastronomy. This historic building, owned by the Provincial Council of Ciudad Real, belonged to Don Juan Francisco Gaona, first Count of Valdepara\u00edso and Minister of [&hellip;]\" \/>\n<meta property=\"og:site_name\" content=\"VENARI - Centro Internacional de Gastronom\u00eda Cineg\u00e9tica\" \/>\n<meta property=\"article:modified_time\" content=\"2024-12-04T18:08:34+00:00\" \/>\n<meta name=\"twitter:card\" content=\"summary_large_image\" \/>\n<meta name=\"twitter:label1\" content=\"Estimated reading time\" \/>\n\t<meta name=\"twitter:data1\" content=\"7 minutes\" \/>\n<script type=\"application\/ld+json\" class=\"yoast-schema-graph\">{\"@context\":\"https:\/\/schema.org\",\"@graph\":[{\"@type\":\"WebPage\",\"@id\":\"https:\/\/venarigastronomico.com\/en\/our-center\/\",\"url\":\"https:\/\/venarigastronomico.com\/en\/our-center\/\",\"name\":\"Our center - VENARI - Centro Internacional de Gastronom\u00eda Cineg\u00e9tica\",\"isPartOf\":{\"@id\":\"https:\/\/venarigastronomico.com\/en\/#website\"},\"datePublished\":\"2024-10-01T17:39:16+00:00\",\"dateModified\":\"2024-12-04T18:08:34+00:00\",\"breadcrumb\":{\"@id\":\"https:\/\/venarigastronomico.com\/en\/our-center\/#breadcrumb\"},\"inLanguage\":\"en-GB\",\"potentialAction\":[{\"@type\":\"ReadAction\",\"target\":[\"https:\/\/venarigastronomico.com\/en\/our-center\/\"]}]},{\"@type\":\"BreadcrumbList\",\"@id\":\"https:\/\/venarigastronomico.com\/en\/our-center\/#breadcrumb\",\"itemListElement\":[{\"@type\":\"ListItem\",\"position\":1,\"name\":\"Home\",\"item\":\"https:\/\/venarigastronomico.com\/en\/\"},{\"@type\":\"ListItem\",\"position\":2,\"name\":\"Our center\"}]},{\"@type\":\"WebSite\",\"@id\":\"https:\/\/venarigastronomico.com\/en\/#website\",\"url\":\"https:\/\/venarigastronomico.com\/en\/\",\"name\":\"VENARI - Centro Internacional de Gastronom\u00eda Cineg\u00e9tica\",\"description\":\"\",\"potentialAction\":[{\"@type\":\"SearchAction\",\"target\":{\"@type\":\"EntryPoint\",\"urlTemplate\":\"https:\/\/venarigastronomico.com\/en\/?s={search_term_string}\"},\"query-input\":{\"@type\":\"PropertyValueSpecification\",\"valueRequired\":true,\"valueName\":\"search_term_string\"}}],\"inLanguage\":\"en-GB\"}]}<\/script>\n<!-- \/ Yoast SEO plugin. -->","yoast_head_json":{"title":"Our center - VENARI - Centro Internacional de Gastronom\u00eda Cineg\u00e9tica","robots":{"index":"index","follow":"follow","max-snippet":"max-snippet:-1","max-image-preview":"max-image-preview:large","max-video-preview":"max-video-preview:-1"},"canonical":"https:\/\/venarigastronomico.com\/en\/our-center\/","og_locale":"en_GB","og_type":"article","og_title":"Our center - VENARI - Centro Internacional de Gastronom\u00eda Cineg\u00e9tica","og_description":"Our centerThe Palace of Valdepara\u00edso: Venari's HeadquartersThe Valdepara\u00edso Palace, an 18th century architectural jewel located in Almagro, Ciudad Real, is home to the Venari International Center for Hunting and Game Gastronomy. This historic building, owned by the Provincial Council of Ciudad Real, belonged to Don Juan Francisco Gaona, first Count of Valdepara\u00edso and Minister of [&hellip;]","og_site_name":"VENARI - Centro Internacional de Gastronom\u00eda Cineg\u00e9tica","article_modified_time":"2024-12-04T18:08:34+00:00","twitter_card":"summary_large_image","twitter_misc":{"Estimated reading time":"7 minutes"},"schema":{"@context":"https:\/\/schema.org","@graph":[{"@type":"WebPage","@id":"https:\/\/venarigastronomico.com\/en\/our-center\/","url":"https:\/\/venarigastronomico.com\/en\/our-center\/","name":"Our center - VENARI - Centro Internacional de Gastronom\u00eda Cineg\u00e9tica","isPartOf":{"@id":"https:\/\/venarigastronomico.com\/en\/#website"},"datePublished":"2024-10-01T17:39:16+00:00","dateModified":"2024-12-04T18:08:34+00:00","breadcrumb":{"@id":"https:\/\/venarigastronomico.com\/en\/our-center\/#breadcrumb"},"inLanguage":"en-GB","potentialAction":[{"@type":"ReadAction","target":["https:\/\/venarigastronomico.com\/en\/our-center\/"]}]},{"@type":"BreadcrumbList","@id":"https:\/\/venarigastronomico.com\/en\/our-center\/#breadcrumb","itemListElement":[{"@type":"ListItem","position":1,"name":"Home","item":"https:\/\/venarigastronomico.com\/en\/"},{"@type":"ListItem","position":2,"name":"Our center"}]},{"@type":"WebSite","@id":"https:\/\/venarigastronomico.com\/en\/#website","url":"https:\/\/venarigastronomico.com\/en\/","name":"VENARI - Centro Internacional de Gastronom\u00eda Cineg\u00e9tica","description":"","potentialAction":[{"@type":"SearchAction","target":{"@type":"EntryPoint","urlTemplate":"https:\/\/venarigastronomico.com\/en\/?s={search_term_string}"},"query-input":{"@type":"PropertyValueSpecification","valueRequired":true,"valueName":"search_term_string"}}],"inLanguage":"en-GB"}]}},"_links":{"self":[{"href":"https:\/\/venarigastronomico.com\/en\/wp-json\/wp\/v2\/pages\/3009","targetHints":{"allow":["GET"]}}],"collection":[{"href":"https:\/\/venarigastronomico.com\/en\/wp-json\/wp\/v2\/pages"}],"about":[{"href":"https:\/\/venarigastronomico.com\/en\/wp-json\/wp\/v2\/types\/page"}],"author":[{"embeddable":true,"href":"https:\/\/venarigastronomico.com\/en\/wp-json\/wp\/v2\/users\/2"}],"replies":[{"embeddable":true,"href":"https:\/\/venarigastronomico.com\/en\/wp-json\/wp\/v2\/comments?post=3009"}],"version-history":[{"count":2,"href":"https:\/\/venarigastronomico.com\/en\/wp-json\/wp\/v2\/pages\/3009\/revisions"}],"predecessor-version":[{"id":3011,"href":"https:\/\/venarigastronomico.com\/en\/wp-json\/wp\/v2\/pages\/3009\/revisions\/3011"}],"wp:attachment":[{"href":"https:\/\/venarigastronomico.com\/en\/wp-json\/wp\/v2\/media?parent=3009"}],"curies":[{"name":"wp","href":"https:\/\/api.w.org\/{rel}","templated":true}]}}